{"id":10200,"date":"2025-11-06T12:57:57","date_gmt":"2025-11-06T10:57:57","guid":{"rendered":"https:\/\/villadelmitia.com\/?post_type=product&#038;p=10200"},"modified":"2025-11-06T13:13:25","modified_gmt":"2025-11-06T11:13:25","slug":"robe-de-chambre-classique-pour-homme-100-soie-twill-italienne-imprimee-avec-passepoil-copia","status":"publish","type":"product","link":"https:\/\/villadelmitia.com\/fr\/negozio\/robe-de-chambre-classique-pour-homme-100-soie-twill-italienne-imprimee-avec-passepoil-copia\/","title":{"rendered":"ROBE DE CHAMBRE CLASSIQUE POUR HOMME EN VELOURS IMPRIM\u00c9 SOIE\/VISCOSE AVEC PASSEPOIL"},"content":{"rendered":"<h2>ROBE DE CHAMBRE CLASSIQUE POUR HOMME 100% SOIE TWILL IMPRIM\u00c9E AVEC PASSEPOIL<\/h2>\n<h2>Robe de chambre classique pour homme en 100% soie twill Italienne 14MM, dessin Liberty floral blanc, bleu, ivoir et or sur fond rouge, avec passepoil en satin bleu \u00e9lectrique en ton.<\/h2>\n<h2>Dessin exclusif de la collection Villa Delmitia.<\/h2>\n<h2>NOTE: PI\u00c8CE \u00c0 R\u00c9ALISER SUR DEMANDE<\/h2>\n<h2>Pour tout renseignement compl\u00e9mentaire, veuillez contacter la Maison<\/h2>\n","protected":false},"excerpt":{"rendered":"<p><strong>ROBE DE CHAMBRE CLASSIQUE POUR HOMME EN VELOURS IMPRIM\u00c9 SOIE\/VISCOSE AVEC PASSEPOIL<\/strong><\/p>\n","protected":false},"featured_media":10221,"comment_status":"open","ping_status":"closed","template":"","meta":{"om_disable_all_campaigns":false,"_monsterinsights_skip_tracking":false,"_monsterinsights_sitenote_active":false,"_monsterinsights_sitenote_note":"","_monsterinsights_sitenote_category":0},"product_brand":[],"product_cat":[112],"product_tag":[99,94,93,98,97,105,95],"class_list":{"0":"post-10200","1":"product","2":"type-product","3":"status-publish","4":"has-post-thumbnail","6":"product_cat-robes-de-chambre-homme-soie","7":"product_tag-classique","8":"product_tag-homme","9":"product_tag-robe-de-chambre","10":"product_tag-satin","11":"product_tag-soie","12":"product_tag-twill","13":"product_tag-velours","15":"first","16":"instock","17":"shipping-taxable","18":"purchasable","19":"product-type-variable"},"aioseo_notices":[],"jetpack_sharing_enabled":true,"_links":{"self":[{"href":"https:\/\/villadelmitia.com\/fr\/wp-json\/wp\/v2\/product\/10200","targetHints":{"allow":["GET"]}}],"collection":[{"href":"https:\/\/villadelmitia.com\/fr\/wp-json\/wp\/v2\/product"}],"about":[{"href":"https:\/\/villadelmitia.com\/fr\/wp-json\/wp\/v2\/types\/product"}],"replies":[{"embeddable":true,"href":"https:\/\/villadelmitia.com\/fr\/wp-json\/wp\/v2\/comments?post=10200"}],"wp:featuredmedia":[{"embeddable":true,"href":"https:\/\/villadelmitia.com\/fr\/wp-json\/wp\/v2\/media\/10221"}],"wp:attachment":[{"href":"https:\/\/villadelmitia.com\/fr\/wp-json\/wp\/v2\/media?parent=10200"}],"wp:term":[{"taxonomy":"product_brand","embeddable":true,"href":"https:\/\/villadelmitia.com\/fr\/wp-json\/wp\/v2\/product_brand?post=10200"},{"taxonomy":"product_cat","embeddable":true,"href":"https:\/\/villadelmitia.com\/fr\/wp-json\/wp\/v2\/product_cat?post=10200"},{"taxonomy":"product_tag","embeddable":true,"href":"https:\/\/villadelmitia.com\/fr\/wp-json\/wp\/v2\/product_tag?post=10200"}],"curies":[{"name":"wp","href":"https:\/\/api.w.org\/{rel}","templated":true}]}}