{"id":10584,"date":"2025-11-07T15:43:35","date_gmt":"2025-11-07T13:43:35","guid":{"rendered":"https:\/\/villadelmitia.com\/?post_type=product&#038;p=10584"},"modified":"2025-11-07T16:26:26","modified_gmt":"2025-11-07T14:26:26","slug":"robe-de-chambre-classique-pour-homme-100-soie-twill-imprimee-avec-passepoil-copia-16","status":"publish","type":"product","link":"https:\/\/villadelmitia.com\/fr\/negozio\/robe-de-chambre-classique-pour-homme-100-soie-twill-imprimee-avec-passepoil-copia-16\/","title":{"rendered":"ROBE DE CHAMBRE CLASSIQUE POUR HOMME 100% SOIE TWILL IMPRIM\u00c9E AVEC PASSEPOIL"},"content":{"rendered":"<h2>ROBE DE CHAMBRE CLASSIQUE POUR HOMME 100% SOIE TWILL IMPRIM\u00c9E AVEC PASSEPOIL<\/h2>\n<h2>Magnifique peignoir classique pour homme en 100 % soie italienne 14 MM, motif patchwork dor\u00e9 sur fond noir avec bordure en satin dor\u00e9 assorti.<\/h2>\n<h2>Dessin exclusif de la collection Villa Delmitia.<\/h2>\n<h2>Une pi\u00e8ce vraiment sp\u00e9ciale et raffin\u00e9e, r\u00e9alis\u00e9e dans un twill de soie italien doux et enveloppant.<\/h2>\n","protected":false},"excerpt":{"rendered":"<p><strong>ROBE DE CHAMBRE CLASSIQUE POUR HOMME 100% SOIE TWILL IMPRIM\u00c9E AVEC PASSEPOIL<\/strong><\/p>\n","protected":false},"featured_media":10605,"comment_status":"open","ping_status":"closed","template":"","meta":{"om_disable_all_campaigns":false,"_monsterinsights_skip_tracking":false,"_monsterinsights_sitenote_active":false,"_monsterinsights_sitenote_note":"","_monsterinsights_sitenote_category":0},"product_brand":[],"product_cat":[112],"product_tag":[99,94,93,98,97,105,95],"class_list":{"0":"post-10584","1":"product","2":"type-product","3":"status-publish","4":"has-post-thumbnail","6":"product_cat-robes-de-chambre-homme-soie","7":"product_tag-classique","8":"product_tag-homme","9":"product_tag-robe-de-chambre","10":"product_tag-satin","11":"product_tag-soie","12":"product_tag-twill","13":"product_tag-velours","15":"first","16":"instock","17":"shipping-taxable","18":"purchasable","19":"product-type-variable"},"aioseo_notices":[],"jetpack_sharing_enabled":true,"_links":{"self":[{"href":"https:\/\/villadelmitia.com\/fr\/wp-json\/wp\/v2\/product\/10584","targetHints":{"allow":["GET"]}}],"collection":[{"href":"https:\/\/villadelmitia.com\/fr\/wp-json\/wp\/v2\/product"}],"about":[{"href":"https:\/\/villadelmitia.com\/fr\/wp-json\/wp\/v2\/types\/product"}],"replies":[{"embeddable":true,"href":"https:\/\/villadelmitia.com\/fr\/wp-json\/wp\/v2\/comments?post=10584"}],"wp:featuredmedia":[{"embeddable":true,"href":"https:\/\/villadelmitia.com\/fr\/wp-json\/wp\/v2\/media\/10605"}],"wp:attachment":[{"href":"https:\/\/villadelmitia.com\/fr\/wp-json\/wp\/v2\/media?parent=10584"}],"wp:term":[{"taxonomy":"product_brand","embeddable":true,"href":"https:\/\/villadelmitia.com\/fr\/wp-json\/wp\/v2\/product_brand?post=10584"},{"taxonomy":"product_cat","embeddable":true,"href":"https:\/\/villadelmitia.com\/fr\/wp-json\/wp\/v2\/product_cat?post=10584"},{"taxonomy":"product_tag","embeddable":true,"href":"https:\/\/villadelmitia.com\/fr\/wp-json\/wp\/v2\/product_tag?post=10584"}],"curies":[{"name":"wp","href":"https:\/\/api.w.org\/{rel}","templated":true}]}}