{"id":1511,"date":"2025-10-06T11:07:32","date_gmt":"2025-10-06T09:07:32","guid":{"rendered":"https:\/\/villadelmitia.com\/?post_type=product&#038;p=1511"},"modified":"2026-01-21T12:43:48","modified_gmt":"2026-01-21T10:43:48","slug":"robe-de-chambre-classique-pour-homme-en-100-laine-peignee-avec-passepoil-et-demi-doublure-en-bemberg","status":"publish","type":"product","link":"https:\/\/villadelmitia.com\/fr\/negozio\/robe-de-chambre-classique-pour-homme-en-100-laine-peignee-avec-passepoil-et-demi-doublure-en-bemberg\/","title":{"rendered":"ROBE DE CHAMBRE CLASSIQUE POUR HOMME EN 100% LAINE PEIGN\u00c9E AVEC PASSEPOIL ET DEMI DOUBLURE EN BEMBERG"},"content":{"rendered":"<h2>ROBE DE CHAMBRE CLASSIQUE POUR HOMME EN 100% LAINE PEIGN\u00c9E AVEC PASSEPOIL ET DEMI DOUBLURE EN BEMBERG<\/h2>\n<h2>Robe de chambre pour homme avec passepoil torsade, trois poches, 100% laine peign\u00e9e Super 110&rsquo;s 315 gr\/mt, demi doubl\u00e9e en Bemberg.<\/h2>\n<h2>Carreaux orange\/ocre sur fond vert anglais, demi doublure en Bemberg orange coordonn\u00e9e, passepoil en ton.<\/h2>\n<h2>\u00c9l\u00e9gante et raffin\u00e9e.<\/h2>\n<h2>Pochette non incluse.<\/h2>\n<h2>IL EST POSSIBLE DE COMMANDER D&rsquo;AUTRES TAILLES EN PLUS DE CELLES DISPONIBLES EN LIVRAISON IMM\u00c9DIATE, D\u00c9LAI DE PRODUCTION 15 JOURS \u00c0 PARTIR DE LA DATE DE COMMANDE.<\/h2>\n<h2>POUR TOUTE INFORMATION SUPPL\u00c9MENTAIRE, CONTACTEZ L&rsquo;ENTREPRISE<\/h2>\n<h2>Ph. +390247711085<\/h2>\n","protected":false},"excerpt":{"rendered":"<p><strong>ROBE DE CHAMBRE CLASSIQUE POUR HOMME EN 100% LAINE PEIGN\u00c9E AVEC PASSEPOIL ET DEMI DOUBLURE EN BEMBERG<\/strong><\/p>\n","protected":false},"featured_media":1532,"comment_status":"open","ping_status":"closed","template":"","meta":{"om_disable_all_campaigns":false,"_monsterinsights_skip_tracking":false,"_monsterinsights_sitenote_active":false,"_monsterinsights_sitenote_note":"","_monsterinsights_sitenote_category":0},"product_brand":[],"product_cat":[92],"product_tag":[100,124,96,94,101,93,97],"class_list":{"0":"post-1511","1":"product","2":"type-product","3":"status-publish","4":"has-post-thumbnail","6":"product_cat-robes-de-chambre-homme-laine","7":"product_tag-cachemire","8":"product_tag-cordonnet","9":"product_tag-coton","10":"product_tag-homme","11":"product_tag-laine","12":"product_tag-robe-de-chambre","13":"product_tag-soie","15":"first","16":"instock","17":"shipping-taxable","18":"purchasable","19":"product-type-variable"},"aioseo_notices":[],"jetpack_sharing_enabled":true,"_links":{"self":[{"href":"https:\/\/villadelmitia.com\/fr\/wp-json\/wp\/v2\/product\/1511","targetHints":{"allow":["GET"]}}],"collection":[{"href":"https:\/\/villadelmitia.com\/fr\/wp-json\/wp\/v2\/product"}],"about":[{"href":"https:\/\/villadelmitia.com\/fr\/wp-json\/wp\/v2\/types\/product"}],"replies":[{"embeddable":true,"href":"https:\/\/villadelmitia.com\/fr\/wp-json\/wp\/v2\/comments?post=1511"}],"wp:featuredmedia":[{"embeddable":true,"href":"https:\/\/villadelmitia.com\/fr\/wp-json\/wp\/v2\/media\/1532"}],"wp:attachment":[{"href":"https:\/\/villadelmitia.com\/fr\/wp-json\/wp\/v2\/media?parent=1511"}],"wp:term":[{"taxonomy":"product_brand","embeddable":true,"href":"https:\/\/villadelmitia.com\/fr\/wp-json\/wp\/v2\/product_brand?post=1511"},{"taxonomy":"product_cat","embeddable":true,"href":"https:\/\/villadelmitia.com\/fr\/wp-json\/wp\/v2\/product_cat?post=1511"},{"taxonomy":"product_tag","embeddable":true,"href":"https:\/\/villadelmitia.com\/fr\/wp-json\/wp\/v2\/product_tag?post=1511"}],"curies":[{"name":"wp","href":"https:\/\/api.w.org\/{rel}","templated":true}]}}