{"id":4895,"date":"2025-09-17T09:26:02","date_gmt":"2025-09-17T07:26:02","guid":{"rendered":"https:\/\/villadelmitia.com\/?post_type=product&#038;p=4895"},"modified":"2025-10-17T09:48:36","modified_gmt":"2025-10-17T07:48:36","slug":"veste-dinterieur-homme-en-velours-de-coton-avec-contrastes-en-soie-satinee-matelassee-doublure-complete-copia-3","status":"publish","type":"product","link":"https:\/\/villadelmitia.com\/fr\/negozio\/veste-dinterieur-homme-en-velours-de-coton-avec-contrastes-en-soie-satinee-matelassee-doublure-complete-copia-3\/","title":{"rendered":"VESTE D&rsquo;INT\u00c9RIEUR CLASSIQUE POUR HOMME EN VELOURS DE COTON AVEC CONTRASTES EN SOIE TWILL IMPRIM\u00c9E DOUBLURE BEMBERG ENTI\u00c8RE ET PASSEPOIL TORSADE"},"content":{"rendered":"<h2 class=\"title\">VESTE D&rsquo;INT\u00c9RIEUR CLASSIQUE POUR HOMME EN VELOURS DE COTON AVEC CONTRASTES EN SOIE TWILL IMPRIM\u00c9E DOUBLURE BEMBERG ENTI\u00c8RE ET PASSEPOIL TORSADE<\/h2>\n<h2><strong>Veste d&rsquo;int\u00e9rieur classique en velours de coton couleur gris argent, avec contrastes en soie twill italienne 14 MM, dessin paisley en divers tons de gris, doublure Bemberg enti\u00e8re gris fonc\u00e8 et passepoil torsade coordonn\u00e9<\/strong><\/h2>\n<h2><strong>Velours souple et enveloppant, contrastes en soie au col et aux poignets.<\/strong><\/h2>\n<h2><strong>Pochette non incluse.<\/strong><\/h2>\n<h2><strong>Pour tout renseignement compl\u00e9mentaire veuillez contacter la Maison<\/strong><\/h2>\n<h2><strong>Villa Delmitia, Milan<\/strong><\/h2>\n<h2><strong>Ph: ++390247711085<\/strong><\/h2>\n","protected":false},"excerpt":{"rendered":"<p><strong>VESTE D&rsquo;INT\u00c9RIEUR CLASSIQUE POUR HOMME EN VELOURS DE COTON AVEC CONTRASTES EN SOIE TWILL IMPRIM\u00c9E DOUBLURE BEMBERG ENTI\u00c8RE ET PASSEPOIL TORSADE<\/strong><\/p>\n","protected":false},"featured_media":4917,"comment_status":"open","ping_status":"closed","template":"","meta":{"om_disable_all_campaigns":false,"_monsterinsights_skip_tracking":false,"_monsterinsights_sitenote_active":false,"_monsterinsights_sitenote_note":"","_monsterinsights_sitenote_category":0},"product_brand":[],"product_cat":[115],"product_tag":[116,98,123,97,95,117],"class_list":{"0":"post-4895","1":"product","2":"type-product","3":"status-publish","4":"has-post-thumbnail","6":"product_cat-veste-dinterieur-en-velours","7":"product_tag-matelasse","8":"product_tag-satin","9":"product_tag-smoking-jacket","10":"product_tag-soie","11":"product_tag-velours","12":"product_tag-veste-dinterieur","14":"first","15":"instock","16":"shipping-taxable","17":"purchasable","18":"product-type-variable"},"aioseo_notices":[],"jetpack_sharing_enabled":true,"_links":{"self":[{"href":"https:\/\/villadelmitia.com\/fr\/wp-json\/wp\/v2\/product\/4895","targetHints":{"allow":["GET"]}}],"collection":[{"href":"https:\/\/villadelmitia.com\/fr\/wp-json\/wp\/v2\/product"}],"about":[{"href":"https:\/\/villadelmitia.com\/fr\/wp-json\/wp\/v2\/types\/product"}],"replies":[{"embeddable":true,"href":"https:\/\/villadelmitia.com\/fr\/wp-json\/wp\/v2\/comments?post=4895"}],"wp:featuredmedia":[{"embeddable":true,"href":"https:\/\/villadelmitia.com\/fr\/wp-json\/wp\/v2\/media\/4917"}],"wp:attachment":[{"href":"https:\/\/villadelmitia.com\/fr\/wp-json\/wp\/v2\/media?parent=4895"}],"wp:term":[{"taxonomy":"product_brand","embeddable":true,"href":"https:\/\/villadelmitia.com\/fr\/wp-json\/wp\/v2\/product_brand?post=4895"},{"taxonomy":"product_cat","embeddable":true,"href":"https:\/\/villadelmitia.com\/fr\/wp-json\/wp\/v2\/product_cat?post=4895"},{"taxonomy":"product_tag","embeddable":true,"href":"https:\/\/villadelmitia.com\/fr\/wp-json\/wp\/v2\/product_tag?post=4895"}],"curies":[{"name":"wp","href":"https:\/\/api.w.org\/{rel}","templated":true}]}}