{"id":5904,"date":"2025-09-20T14:34:52","date_gmt":"2025-09-20T12:34:52","guid":{"rendered":"https:\/\/villadelmitia.com\/?post_type=product&#038;p=5904"},"modified":"2025-11-13T14:45:16","modified_gmt":"2025-11-13T12:45:16","slug":"veste-dinterieur-classique-pour-homme-en-velours-de-coton-avec-contrastes-en-velours-imprime-doublure-bemberg-entiere-et-passepoil-torsade-copia-3","status":"publish","type":"product","link":"https:\/\/villadelmitia.com\/fr\/negozio\/veste-dinterieur-classique-pour-homme-en-velours-de-coton-avec-contrastes-en-velours-imprime-doublure-bemberg-entiere-et-passepoil-torsade-copia-3\/","title":{"rendered":"VESTE D&rsquo;INT\u00c9RIEUR POUR HOMME EN VELOURS DE COTON AVEC CONTRASTES EN SOIE JACQUARD AVEC PASSEPOIL TORSADE ET DOUBLURE ENTI\u00c8RE EN BEMBERG"},"content":{"rendered":"<h2>VESTE D&rsquo;INT\u00c9RIEUR POUR HOMME EN VELOURS DE COTON AVEC CONTRASTES EN SOIE JACQUARD AVEC PASSEPOIL TORSADE ET DOUBLURE ENTI\u00c8RE EN BEMBERG<\/h2>\n<h2>Veste d&rsquo;int\u00e9rieur classique pour homme en velours de coton, trois poches, contrastes en soie jacquard Italienne fantaisie, passepoil torsade et doublure enti\u00e8re en Bemberg.<\/h2>\n<h2>Velours noir, contrastes en soie jacquard Italienne dessin paisley bleu royal et turquoise sur fond noir, passepoil torsade noir et doublure enti\u00e8re en Bemberg noir coordonn\u00e9.<\/h2>\n<h2>Pochette non incluse.<\/h2>\n","protected":false},"excerpt":{"rendered":"<p><strong>VESTE D&rsquo;INT\u00c9RIEUR POUR HOMME EN VELOURS DE COTON AVEC CONTRASTES EN SOIE JACQUARD AVEC PASSEPOIL TORSADE ET DOUBLURE ENTI\u00c8RE EN BEMBERG<\/strong><\/p>\n","protected":false},"featured_media":5925,"comment_status":"open","ping_status":"closed","template":"","meta":{"om_disable_all_campaigns":false,"_monsterinsights_skip_tracking":false,"_monsterinsights_sitenote_active":false,"_monsterinsights_sitenote_note":"","_monsterinsights_sitenote_category":0},"product_brand":[],"product_cat":[115],"product_tag":[116,98,123,97,95,117],"class_list":{"0":"post-5904","1":"product","2":"type-product","3":"status-publish","4":"has-post-thumbnail","6":"product_cat-veste-dinterieur-en-velours","7":"product_tag-matelasse","8":"product_tag-satin","9":"product_tag-smoking-jacket","10":"product_tag-soie","11":"product_tag-velours","12":"product_tag-veste-dinterieur","14":"first","15":"instock","16":"shipping-taxable","17":"purchasable","18":"product-type-variable"},"aioseo_notices":[],"jetpack_sharing_enabled":true,"_links":{"self":[{"href":"https:\/\/villadelmitia.com\/fr\/wp-json\/wp\/v2\/product\/5904","targetHints":{"allow":["GET"]}}],"collection":[{"href":"https:\/\/villadelmitia.com\/fr\/wp-json\/wp\/v2\/product"}],"about":[{"href":"https:\/\/villadelmitia.com\/fr\/wp-json\/wp\/v2\/types\/product"}],"replies":[{"embeddable":true,"href":"https:\/\/villadelmitia.com\/fr\/wp-json\/wp\/v2\/comments?post=5904"}],"wp:featuredmedia":[{"embeddable":true,"href":"https:\/\/villadelmitia.com\/fr\/wp-json\/wp\/v2\/media\/5925"}],"wp:attachment":[{"href":"https:\/\/villadelmitia.com\/fr\/wp-json\/wp\/v2\/media?parent=5904"}],"wp:term":[{"taxonomy":"product_brand","embeddable":true,"href":"https:\/\/villadelmitia.com\/fr\/wp-json\/wp\/v2\/product_brand?post=5904"},{"taxonomy":"product_cat","embeddable":true,"href":"https:\/\/villadelmitia.com\/fr\/wp-json\/wp\/v2\/product_cat?post=5904"},{"taxonomy":"product_tag","embeddable":true,"href":"https:\/\/villadelmitia.com\/fr\/wp-json\/wp\/v2\/product_tag?post=5904"}],"curies":[{"name":"wp","href":"https:\/\/api.w.org\/{rel}","templated":true}]}}